{"id":95,"date":"2023-10-03T11:44:46","date_gmt":"2023-10-03T09:44:46","guid":{"rendered":"https:\/\/gioiellimunari.it\/?page_id=95"},"modified":"2025-06-04T13:52:48","modified_gmt":"2025-06-04T11:52:48","slug":"chi-siamo","status":"publish","type":"page","link":"https:\/\/gioiellimunari.it\/index.php\/chi-siamo\/","title":{"rendered":"Chi siamo"},"content":{"rendered":"<p>[et_pb_section fb_built=&#8221;1&#8243; fullwidth=&#8221;on&#8221; admin_label=&#8221;Header&#8221; _builder_version=&#8221;4.27.4&#8243; _module_preset=&#8221;default&#8221; custom_padding=&#8221;0px|0|0px|0px|false|false&#8221; top_divider_color=&#8221;rgba(255,255,255,0.3)&#8221; top_divider_height=&#8221;100%&#8221; top_divider_repeat=&#8221;2x&#8221; bottom_divider_color=&#8221;rgba(255,255,255,0.33)&#8221; bottom_divider_height=&#8221;500px&#8221; global_colors_info=&#8221;{}&#8221;][et_pb_fullwidth_header title=&#8221;Chi \u00e8 Gioielli Munari&#8221; subhead=&#8221;da 45 anni nel settore artigianale &#8221; text_orientation=&#8221;center&#8221; background_overlay_color=&#8221;RGBA(255,255,255,0)&#8221; content_max_width=&#8221;70%&#8221; content_max_width_tablet=&#8221;100%&#8221; content_max_width_phone=&#8221;&#8221; content_max_width_last_edited=&#8221;on|phone&#8221; _builder_version=&#8221;4.27.4&#8243; _module_preset=&#8221;default&#8221; title_font=&#8221;&#8211;et_global_body_font||||||||&#8221; title_text_color=&#8221;#242424&#8243; title_font_size=&#8221;4vw&#8221; title_line_height=&#8221;1.5em&#8221; content_font=&#8221;&#8211;et_global_body_font|300|||||||&#8221; subhead_font=&#8221;&#8211;et_global_body_font|||on|||||&#8221; subhead_text_align=&#8221;center&#8221; subhead_text_color=&#8221;#242424&#8243; subhead_font_size=&#8221;16px&#8221; subhead_letter_spacing=&#8221;12px&#8221; subhead_line_height=&#8221;2em&#8221; background_color=&#8221;gcid-06e79613-1a81-48ab-9121-6fb3630c8a49&#8243; background_enable_image=&#8221;off&#8221; custom_button_one=&#8221;on&#8221; button_one_text_size=&#8221;14px&#8221; button_one_text_color=&#8221;#000000&#8243; button_one_bg_color=&#8221;#ffffff&#8221; button_one_border_width=&#8221;14px&#8221; button_one_border_color=&#8221;#ffffff&#8221; button_one_border_radius=&#8221;0px&#8221; button_one_letter_spacing=&#8221;4px&#8221; button_one_font=&#8221;Poppins|500||on|||||&#8221; background_layout=&#8221;light&#8221; custom_margin=&#8221;||||false&#8221; custom_padding=&#8221;10vw||10vw||true&#8221; filter_opacity=&#8221;85%&#8221; child_filter_opacity=&#8221;84%&#8221; hover_enabled=&#8221;0&#8243; title_font_size_tablet=&#8221;40px&#8221; title_font_size_phone=&#8221;&#8221; title_font_size_last_edited=&#8221;on|desktop&#8221; subhead_font_size_tablet=&#8221;40px&#8221; subhead_font_size_last_edited=&#8221;off|desktop&#8221; subhead_letter_spacing_tablet=&#8221;&#8221; subhead_letter_spacing_phone=&#8221;0px&#8221; subhead_letter_spacing_last_edited=&#8221;on|phone&#8221; button_one_border_color_hover=&#8221;#ecd5c5&#8243; button_one_border_radius_hover=&#8221;0px&#8221; button_one_letter_spacing_hover=&#8221;4px&#8221; button_one_bg_color_hover=&#8221;#ecd5c5&#8243; global_colors_info=&#8221;{%22gcid-06e79613-1a81-48ab-9121-6fb3630c8a49%22:%91%22background_color%22%93}&#8221; button_one_text_size__hover_enabled=&#8221;off&#8221; button_two_text_size__hover_enabled=&#8221;off&#8221; button_one_text_color__hover_enabled=&#8221;off&#8221; button_two_text_color__hover_enabled=&#8221;off&#8221; button_one_border_width__hover_enabled=&#8221;off&#8221; button_two_border_width__hover_enabled=&#8221;off&#8221; button_one_border_color__hover_enabled=&#8221;on&#8221; button_one_border_color__hover=&#8221;#ecd5c5&#8243; button_two_border_color__hover_enabled=&#8221;off&#8221; button_one_border_radius__hover_enabled=&#8221;on&#8221; button_one_border_radius__hover=&#8221;0px&#8221; button_two_border_radius__hover_enabled=&#8221;off&#8221; button_one_letter_spacing__hover_enabled=&#8221;on&#8221; button_one_letter_spacing__hover=&#8221;4px&#8221; button_two_letter_spacing__hover_enabled=&#8221;off&#8221; button_one_bg_color__hover_enabled=&#8221;on&#8221; button_one_bg_color__hover=&#8221;#ecd5c5&#8243; button_two_bg_color__hover_enabled=&#8221;off&#8221; sticky_enabled=&#8221;0&#8243;][\/et_pb_fullwidth_header][\/et_pb_section][et_pb_section fb_built=&#8221;1&#8243; admin_label=&#8221;About Us&#8221; _builder_version=&#8221;4.17.4&#8243; _module_preset=&#8221;default&#8221; min_height=&#8221;799.6px&#8221; custom_margin=&#8221;65px||-36px||false|false&#8221; custom_padding=&#8221;0px|0px|0px|0px|true|false&#8221; locked=&#8221;off&#8221; global_colors_info=&#8221;{}&#8221;][et_pb_row column_structure=&#8221;2_5,3_5&#8243; _builder_version=&#8221;4.17.4&#8243; _module_preset=&#8221;default&#8221; min_height=&#8221;768.6px&#8221; custom_margin=&#8221;-42px||||false|false&#8221; global_colors_info=&#8221;{}&#8221;][et_pb_column type=&#8221;2_5&#8243; _builder_version=&#8221;4.16&#8243; _module_preset=&#8221;default&#8221; custom_padding=&#8221;|||&#8221; global_colors_info=&#8221;{}&#8221; custom_padding__hover=&#8221;|||&#8221;][et_pb_image src=&#8221;https:\/\/gioiellimunari.it\/wp-content\/uploads\/2025\/06\/foto-profilo-aziendale-Serena-scaled.jpg&#8221; alt=&#8221;Serena Munari&#8221; title_text=&#8221;foto profilo aziendale Serena&#8221; force_fullwidth=&#8221;on&#8221; align_tablet=&#8221;center&#8221; align_phone=&#8221;center&#8221; align_last_edited=&#8221;on|desktop&#8221; _builder_version=&#8221;4.27.4&#8243; _module_preset=&#8221;default&#8221; custom_margin=&#8221;|||&#8221; custom_margin_tablet=&#8221;-160px|||&#8221; custom_margin_phone=&#8221;0px|||&#8221; custom_margin_last_edited=&#8221;off|desktop&#8221; animation_style=&#8221;slide&#8221; animation_direction=&#8221;bottom&#8221; animation_intensity_slide=&#8221;5%&#8221; hover_enabled=&#8221;0&#8243; box_shadow_style=&#8221;preset3&#8243; box_shadow_vertical=&#8221;70px&#8221; box_shadow_blur=&#8221;80px&#8221; box_shadow_spread=&#8221;-60px&#8221; global_colors_info=&#8221;{}&#8221; sticky_enabled=&#8221;0&#8243;][\/et_pb_image][\/et_pb_column][et_pb_column type=&#8221;3_5&#8243; _builder_version=&#8221;4.16&#8243; _module_preset=&#8221;default&#8221; custom_padding=&#8221;10%|||6%&#8221; global_colors_info=&#8221;{}&#8221; custom_padding__hover=&#8221;|||&#8221;][et_pb_text _builder_version=&#8221;4.27.4&#8243; _module_preset=&#8221;default&#8221; text_font=&#8221;&#8211;et_global_body_font||||||||&#8221; text_font_size=&#8221;18px&#8221; text_line_height=&#8221;1.8em&#8221; link_font=&#8221;||||||||&#8221; ul_font=&#8221;||||||||&#8221; header_font=&#8221;&#8211;et_global_body_font||||||||&#8221; header_2_font=&#8221;&#8211;et_global_body_font||||||||&#8221; header_3_font=&#8221;&#8211;et_global_heading_font||||||||&#8221; header_3_font_size=&#8221;45px&#8221; header_3_line_height=&#8221;1.5em&#8221; header_4_font=&#8221;&#8211;et_global_body_font||||||||&#8221; header_5_font=&#8221;&#8211;et_global_body_font||||||||&#8221; header_6_font=&#8221;&#8211;et_global_body_font||||||||&#8221; max_width_tablet=&#8221;100%&#8221; max_width_phone=&#8221;100%&#8221; max_width_last_edited=&#8221;off|desktop&#8221; module_alignment=&#8221;right&#8221; custom_padding=&#8221;|||&#8221; custom_padding_tablet=&#8221;|||0px&#8221; custom_padding_phone=&#8221;&#8221; custom_padding_last_edited=&#8221;on|tablet&#8221; hover_enabled=&#8221;0&#8243; global_colors_info=&#8221;{}&#8221; sticky_enabled=&#8221;0&#8243;]<\/p>\n<h3>Dal 1978<\/h3>\n<p class=\"p1\">Nel centro di Lecco, La Gioielleria Munari offre una selezione di gioielli di alta qualit\u00e0 e servizi su misura. Qui, la passione per le creazioni preziose si traduce in capolavori unici, pronti a catturare il vostro cuore.<\/p>\n<p class=\"p1\">Il nostro scrupoloso assortimento comprende gioielli per ogni occasione, dal regalo pi\u00f9 semplice al gesto pi\u00f9 straordinario.<\/p>\n<p>[\/et_pb_text][et_pb_text _builder_version=&#8221;4.27.4&#8243; _module_preset=&#8221;default&#8221; text_font=&#8221;Allison||||||||&#8221; text_text_color=&#8221;gcid-bc284091-06c3-4c3e-ab26-357435edeb04&#8243; text_font_size=&#8221;45px&#8221; header_font=&#8221;||||||||&#8221; header_6_font=&#8221;Sacramento||||||||&#8221; header_6_font_size=&#8221;40px&#8221; max_width_last_edited=&#8221;off|desktop&#8221; custom_margin=&#8221;|||&#8221; custom_margin_tablet=&#8221;|||0px&#8221; custom_margin_phone=&#8221;|||0px&#8221; custom_margin_last_edited=&#8221;on|tablet&#8221; custom_padding=&#8221;|||&#8221; animation_style=&#8221;fold&#8221; animation_direction=&#8221;left&#8221; text_font_size_tablet=&#8221;26px&#8221; text_font_size_phone=&#8221;26px&#8221; text_font_size_last_edited=&#8221;on|desktop&#8221; global_colors_info=&#8221;{%22gcid-bc284091-06c3-4c3e-ab26-357435edeb04%22:%91%22text_text_color%22%93}&#8221;]<\/p>\n<p>Serena Munari<\/p>\n<p>[\/et_pb_text][\/et_pb_column][\/et_pb_row][\/et_pb_section][et_pb_section fb_built=&#8221;1&#8243; disabled_on=&#8221;on|on|on&#8221; admin_label=&#8221;What we do&#8221; _builder_version=&#8221;4.27.4&#8243; _module_preset=&#8221;default&#8221; use_background_color_gradient=&#8221;on&#8221; background_color_gradient_stops=&#8221;#ffffff 0%|#f2e3de 100%&#8221; background_color_gradient_start=&#8221;#ffffff&#8221; background_color_gradient_end=&#8221;#f2e3de&#8221; min_height=&#8221;718.7px&#8221; custom_margin=&#8221;||1px||false|false&#8221; custom_padding=&#8221;0px|0px|0px|0px|true|false&#8221; top_divider_style=&#8221;arrow3&#8243; top_divider_color=&#8221;rgba(255,255,255,0.56)&#8221; top_divider_height=&#8221;500px&#8221; top_divider_repeat=&#8221;2x&#8221; bottom_divider_color=&#8221;rgba(255,255,255,0.55)&#8221; bottom_divider_repeat=&#8221;2x&#8221; disabled=&#8221;on&#8221; global_colors_info=&#8221;{}&#8221;][et_pb_row column_structure=&#8221;1_2,1_2&#8243; admin_label=&#8221;what we do Row&#8221; _builder_version=&#8221;4.23.1&#8243; _module_preset=&#8221;default&#8221; custom_padding=&#8221;|||&#8221; global_colors_info=&#8221;{}&#8221;][et_pb_column type=&#8221;1_2&#8243; _builder_version=&#8221;4.16&#8243; _module_preset=&#8221;default&#8221; custom_padding=&#8221;80px||80px|&#8221; global_colors_info=&#8221;{}&#8221; custom_padding__hover=&#8221;|||&#8221;][et_pb_text admin_label=&#8221;Subheading&#8221; _builder_version=&#8221;4.17.4&#8243; _module_preset=&#8221;default&#8221; text_font=&#8221;Cormorant Garamond||||||||&#8221; text_font_size=&#8221;21px&#8221; text_letter_spacing=&#8221;1px&#8221; text_line_height=&#8221;1.9em&#8221; link_font=&#8221;||||||||&#8221; ul_font=&#8221;||||||||&#8221; header_font=&#8221;||||||||&#8221; header_2_font=&#8221;||||||||&#8221; header_3_font=&#8221;||||||||&#8221; header_3_font_size=&#8221;45px&#8221; header_3_line_height=&#8221;1.5em&#8221; header_4_font=&#8221;||||||||&#8221; header_5_font=&#8221;Poppins|700||on|||||&#8221; header_5_text_color=&#8221;#ecd5c5&#8243; header_5_letter_spacing=&#8221;15px&#8221; header_5_line_height=&#8221;1.8em&#8221; max_width_tablet=&#8221;100%&#8221; max_width_phone=&#8221;100%&#8221; max_width_last_edited=&#8221;off|desktop&#8221; module_alignment=&#8221;right&#8221; custom_margin=&#8221;|||&#8221; custom_padding=&#8221;|||&#8221; global_colors_info=&#8221;{}&#8221;]<\/p>\n<h5>la qualit\u00e0 migliore<\/h5>\n<h3>I nostri materiali<\/h3>\n<p class=\"p1\"><b>Troverete splendidi pezzi in oro, affascinanti creazioni in argento e scintillanti pietre preziose, che faranno brillare la vostra bellezza e il vostro stile.<\/b><\/p>\n<p>[\/et_pb_text][\/et_pb_column][et_pb_column type=&#8221;1_2&#8243; _builder_version=&#8221;4.16&#8243; _module_preset=&#8221;default&#8221; custom_padding=&#8221;|||&#8221; global_colors_info=&#8221;{}&#8221; custom_padding__hover=&#8221;|||&#8221;][et_pb_image src=&#8221;https:\/\/gioiellimunari.it\/wp-content\/uploads\/2023\/10\/Serena-7-scaled.jpg&#8221; title_text=&#8221;Serena (7)&#8221; show_bottom_space=&#8221;off&#8221; align_tablet=&#8221;center&#8221; align_phone=&#8221;center&#8221; align_last_edited=&#8221;on|desktop&#8221; _builder_version=&#8221;4.17.4&#8243; _module_preset=&#8221;default&#8221; custom_margin=&#8221;||||false|false&#8221; custom_margin_tablet=&#8221;||0px|&#8221; custom_margin_phone=&#8221;&#8221; custom_margin_last_edited=&#8221;on|tablet&#8221; custom_padding=&#8221;||45px||false|false&#8221; filter_opacity=&#8221;80%&#8221; animation_style=&#8221;slide&#8221; animation_direction=&#8221;left&#8221; animation_intensity_slide=&#8221;10%&#8221; box_shadow_style=&#8221;preset3&#8243; box_shadow_blur=&#8221;80px&#8221; box_shadow_color=&#8221;rgba(143,128,114,0.27)&#8221; global_colors_info=&#8221;{}&#8221;][\/et_pb_image][\/et_pb_column][\/et_pb_row][\/et_pb_section][et_pb_section fb_built=&#8221;1&#8243; fullwidth=&#8221;on&#8221; admin_label=&#8221;Header&#8221; _builder_version=&#8221;4.27.4&#8243; _module_preset=&#8221;default&#8221; width=&#8221;100%&#8221; max_width=&#8221;100%&#8221; min_height=&#8221;389px&#8221; height=&#8221;627px&#8221; max_height=&#8221;1000px&#8221; custom_margin=&#8221;-19px||-59px||false|false&#8221; custom_padding=&#8221;0px|0|0px|0px|false|false&#8221; top_divider_style=&#8221;slant&#8221; top_divider_color=&#8221;RGBA(255,255,255,0)&#8221; top_divider_height=&#8221;202%&#8221; top_divider_repeat=&#8221;0.7x&#8221; bottom_divider_style=&#8221;arrow3&#8243; bottom_divider_color=&#8221;RGBA(255,255,255,0)&#8221; bottom_divider_height=&#8221;145%&#8221; locked=&#8221;off&#8221; global_colors_info=&#8221;{}&#8221;][et_pb_fullwidth_header subhead=&#8221;Scopri le Nostre Creazioni&#8221; text_orientation=&#8221;center&#8221; button_one_text=&#8221;Catalogo&#8221; button_one_url=&#8221;@ET-DC@eyJkeW5hbWljIjp0cnVlLCJjb250ZW50IjoicG9zdF9saW5rX3VybF9wYWdlIiwic2V0dGluZ3MiOnsicG9zdF9pZCI6IjEwMiJ9fQ==@&#8221; background_overlay_color=&#8221;rgba(0,0,0,0.2)&#8221; content_max_width=&#8221;650px&#8221; content_max_width_tablet=&#8221;100%&#8221; content_max_width_phone=&#8221;&#8221; content_max_width_last_edited=&#8221;on|phone&#8221; _builder_version=&#8221;4.27.4&#8243; _dynamic_attributes=&#8221;button_one_url&#8221; _module_preset=&#8221;default&#8221; title_level=&#8221;h2&#8243; title_font=&#8221;&#8211;et_global_body_font|500||on|||||&#8221; title_font_size=&#8221;15px&#8221; title_letter_spacing=&#8221;15px&#8221; title_line_height=&#8221;2em&#8221; content_font=&#8221;&#8211;et_global_body_font||||||||&#8221; content_font_size=&#8221;18px&#8221; content_letter_spacing=&#8221;1px&#8221; content_line_height=&#8221;1.8em&#8221; subhead_font=&#8221;&#8211;et_global_body_font||||||||&#8221; subhead_text_align=&#8221;center&#8221; subhead_font_size=&#8221;45px&#8221; subhead_letter_spacing=&#8221;1px&#8221; subhead_line_height=&#8221;1.5em&#8221; background_color=&#8221;rgba(255,255,255,0)&#8221; background_image=&#8221;https:\/\/gioiellimunari.it\/wp-content\/uploads\/2023\/11\/1697803259077.jpg&#8221; custom_button_one=&#8221;on&#8221; button_one_text_size=&#8221;12px&#8221; button_one_text_color=&#8221;#ffffff&#8221; button_one_bg_color=&#8221;#c4beb9&#8243; button_one_border_width=&#8221;14px&#8221; button_one_border_color=&#8221;#c4beb9&#8243; button_one_border_radius=&#8221;0px&#8221; button_one_letter_spacing=&#8221;4px&#8221; button_one_font=&#8221;&#8211;et_global_body_font|500||on|||||&#8221; min_height=&#8221;567.8px&#8221; custom_margin=&#8221;|||&#8221; custom_padding=&#8221;106px||106px||true|false&#8221; filter_opacity=&#8221;90%&#8221; animation_style=&#8221;slide&#8221; animation_direction=&#8221;bottom&#8221; animation_duration=&#8221;1300ms&#8221; animation_intensity_slide=&#8221;9%&#8221; subhead_font_size_tablet=&#8221;40px&#8221; subhead_font_size_phone=&#8221;&#8221; subhead_font_size_last_edited=&#8221;on|desktop&#8221; button_one_text_color_hover=&#8221;#ffffff&#8221; button_one_border_color_hover=&#8221;#ecd5c5&#8243; button_one_border_radius_hover=&#8221;0px&#8221; button_one_letter_spacing_hover=&#8221;4px&#8221; button_one_bg_color_hover=&#8221;#ecd5c5&#8243; global_colors_info=&#8221;{}&#8221; button_one_text_size__hover_enabled=&#8221;off&#8221; button_two_text_size__hover_enabled=&#8221;off&#8221; button_one_text_color__hover_enabled=&#8221;on&#8221; button_one_text_color__hover=&#8221;#ffffff&#8221; button_two_text_color__hover_enabled=&#8221;off&#8221; button_one_border_width__hover_enabled=&#8221;off&#8221; button_two_border_width__hover_enabled=&#8221;off&#8221; button_one_border_color__hover_enabled=&#8221;on&#8221; button_one_border_color__hover=&#8221;#ecd5c5&#8243; button_two_border_color__hover_enabled=&#8221;off&#8221; button_one_border_radius__hover_enabled=&#8221;on&#8221; button_one_border_radius__hover=&#8221;0px&#8221; button_two_border_radius__hover_enabled=&#8221;off&#8221; button_one_letter_spacing__hover_enabled=&#8221;on&#8221; button_one_letter_spacing__hover=&#8221;4px&#8221; button_two_letter_spacing__hover_enabled=&#8221;off&#8221; button_one_bg_color__hover_enabled=&#8221;on&#8221; button_one_bg_color__hover=&#8221;#ecd5c5&#8243; button_two_bg_color__hover_enabled=&#8221;off&#8221;]<\/p>\n<p>Vi aspettiamo per rendere realt\u00e0 i vostri sogni, creando gioielli unici e senza tempo che racconteranno la vostra storia per sempre.<\/p>\n<p>[\/et_pb_fullwidth_header][\/et_pb_section][et_pb_section fb_built=&#8221;1&#8243; fullwidth=&#8221;on&#8221; disabled_on=&#8221;on|on|on&#8221; _builder_version=&#8221;4.27.4&#8243; _module_preset=&#8221;default&#8221; height_tablet=&#8221;&#8221; height_phone=&#8221;283px&#8221; height_last_edited=&#8221;on|phone&#8221; max_height_tablet=&#8221;&#8221; max_height_phone=&#8221;&#8221; max_height_last_edited=&#8221;on|phone&#8221; disabled=&#8221;on&#8221; global_colors_info=&#8221;{}&#8221;][et_pb_fullwidth_image src=&#8221;https:\/\/gioiellimunari.it\/wp-content\/uploads\/2023\/10\/Serena-37-copia-scaled.jpg&#8221; alt=&#8221;Pietre colorate munari&#8221; title_text=&#8221;Pietre&#8221; _builder_version=&#8221;4.23.1&#8243; _module_preset=&#8221;default&#8221; height=&#8221;507px&#8221; height_tablet=&#8221;507px&#8221; height_phone=&#8221;507px&#8221; height_last_edited=&#8221;on|desktop&#8221; custom_margin=&#8221;-4px||||false|false&#8221; custom_margin_tablet=&#8221;-4px||||false|false&#8221; custom_margin_phone=&#8221;-4px||||false|false&#8221; custom_margin_last_edited=&#8221;on|desktop&#8221; global_colors_info=&#8221;{}&#8221;][\/et_pb_fullwidth_image][\/et_pb_section]<\/p>\n","protected":false},"excerpt":{"rendered":"<p>Dal 1978 Nel centro di Lecco, La Gioielleria Munari offre una selezione di gioielli di alta qualit\u00e0 e servizi su misura. Qui, la passione per le creazioni preziose si traduce in capolavori unici, pronti a catturare il vostro cuore. Il nostro scrupoloso assortimento comprende gioielli per ogni occasione, dal regalo pi\u00f9 semplice al gesto pi\u00f9 straordinario.Serena Munarila qualit\u00e0 migliore I nostri materiali Troverete splendidi pezzi in oro, affascinanti creazioni in argento e scintillanti pietre preziose, che faranno brillare la vostra bellezza e il vostro stile.Vi aspettiamo per rendere realt\u00e0 i vostri sogni, creando gioielli unici e senza tempo che racconteranno la vostra storia per sempre.<\/p>\n","protected":false},"author":1,"featured_media":0,"parent":0,"menu_order":0,"comment_status":"closed","ping_status":"closed","template":"","meta":{"_et_pb_use_builder":"on","_et_pb_old_content":"","_et_gb_content_width":"","footnotes":""},"class_list":["post-95","page","type-page","status-publish","hentry"],"_links":{"self":[{"href":"https:\/\/gioiellimunari.it\/index.php\/wp-json\/wp\/v2\/pages\/95"}],"collection":[{"href":"https:\/\/gioiellimunari.it\/index.php\/wp-json\/wp\/v2\/pages"}],"about":[{"href":"https:\/\/gioiellimunari.it\/index.php\/wp-json\/wp\/v2\/types\/page"}],"author":[{"embeddable":true,"href":"https:\/\/gioiellimunari.it\/index.php\/wp-json\/wp\/v2\/users\/1"}],"replies":[{"embeddable":true,"href":"https:\/\/gioiellimunari.it\/index.php\/wp-json\/wp\/v2\/comments?post=95"}],"version-history":[{"count":60,"href":"https:\/\/gioiellimunari.it\/index.php\/wp-json\/wp\/v2\/pages\/95\/revisions"}],"predecessor-version":[{"id":987510328,"href":"https:\/\/gioiellimunari.it\/index.php\/wp-json\/wp\/v2\/pages\/95\/revisions\/987510328"}],"wp:attachment":[{"href":"https:\/\/gioiellimunari.it\/index.php\/wp-json\/wp\/v2\/media?parent=95"}],"curies":[{"name":"wp","href":"https:\/\/api.w.org\/{rel}","templated":true}]}}