{"id":3,"date":"2023-10-02T10:32:53","date_gmt":"2023-10-02T08:32:53","guid":{"rendered":"https:\/\/gioiellimunari.it\/?page_id=3"},"modified":"2025-03-21T13:09:34","modified_gmt":"2025-03-21T12:09:34","slug":"privacy-policy","status":"publish","type":"page","link":"https:\/\/gioiellimunari.it\/index.php\/privacy-policy\/","title":{"rendered":"INFORMATIVA SULLA PRIVACY"},"content":{"rendered":"\n<p><\/p>\n\n\n\n<p>Data di entrata in vigore: 29-11-2023<\/p>\n\n\n\n<p>Ultimo aggiornamento: 05-12-2023<\/p>\n\n\n\n<p>La presente Informativa sulla privacy spiega le politiche di Gioielli Munari sulla raccolta e l&#8217;uso delle informazioni che raccogliamo quando accedi a https:\/\/www.gioiellimunari.it (il &#8220;Servizio&#8221;). La presente Informativa sulla privacy descrive i tuoi diritti e in che maniera sei protetto dalle leggi sulla privacy.<\/p>\n\n\n\n<p>Utilizzando il nostro Servizio, acconsenti alla raccolta e all&#8217;utilizzo delle tue informazioni in conformit\u00e0 con la presente Informativa sulla privacy. Ti preghiamo di non accedere o utilizzare il nostro Servizio se non acconsenti alla raccolta e all&#8217;utilizzo delle informazioni come indicato nella presente Informativa sulla privacy. <\/p>\n\n\n\n<p>Gioielli Munari \u00e8 autorizzata a modificare la presente Informativa sulla privacy in qualsiasi momento. Questo pu\u00f2 avvenire senza preavviso.<\/p>\n\n\n\n<p>Gioielli Munari pubblicher\u00e0 l&#8217;Informativa sulla privacy modificata sul sito web https:\/\/www.gioiellimunari.it.<\/p>\n\n\n\n<p>RACCOLTA E UTILIZZO DELLE TUE INFORMAZIONI PERSONALI<\/p>\n\n\n\n<p>INFORMAZIONI RACCOLTE<\/p>\n\n\n\n<p>Quando utilizzi il nostro Servizio, ti verr\u00e0 richiesto di fornirci delle informazioni personali utilizzate per contattarti o identificarti.<br>https:\/\/www.gioiellimunari.it raccoglie le seguenti informazioni:<\/p>\n\n\n\n<ul class=\"wp-block-list\">\n<li>Dati di utilizzo<\/li>\n\n\n\n<li>Nome<\/li>\n\n\n\n<li>E-mail<\/li>\n<\/ul>\n\n\n\n<p>I dati di utilizzo includono quanto segue:<\/p>\n\n\n\n<ul class=\"wp-block-list\">\n<li>Indirizzo Protocollo Internet (IP) dei computer che accedono al sito<\/li>\n\n\n\n<li>Richieste di pagine web<\/li>\n\n\n\n<li>Pagine web di riferimento<\/li>\n\n\n\n<li>Browser utilizzato per accedere al sito<\/li>\n\n\n\n<li>Ora e data di accesso<\/li>\n<\/ul>\n\n\n\n<p>COME RACCOGLIAMO LE INFORMAZIONI<\/p>\n\n\n\n<p>https:\/\/www.gioiellimunari.it raccoglie e riceve informazioni da parte tua nelle seguenti modalit\u00e0:<\/p>\n\n\n\n<ul class=\"wp-block-list\">\n<li>Quando compili un modulo di registrazione o invii le tue informazioni personali in altro modo.<\/li>\n<\/ul>\n\n\n\n<p>Le tue informazioni saranno conservate per un massimo di 30 giorni dopo la chiusura del tuo account. Le tue informazioni possono essere conservate per periodi pi\u00f9 lunghi per il reporting o per scopi di registrazione in conformit\u00e0 con le leggi applicabili. Le informazioni che non ti identificano personalmente possono essere conservate a tempo indeterminato.<\/p>\n\n\n\n<p>COME USIAMO LE TUE INFORMAZIONI<\/p>\n\n\n\n<p>https:\/\/www.gioiellimunari.it pu\u00f2 utilizzare le tue informazioni per i seguenti scopi:<\/p>\n\n\n\n<ul class=\"wp-block-list\">\n<li>Fornire e mantenere il nostro Servizio, cos\u00ec come monitorare l&#8217;utilizzo del nostro Servizio.<\/li>\n\n\n\n<li>Per contattarti. Gioielli Munari ti contatter\u00e0 via e-mail, telefono, SMS, o un&#8217;altra forma di comunicazione elettronica in merito a funzioni, prodotti,<br>servizi, o aggiornamenti di sicurezza, se necessario o ragionevole.<\/li>\n\n\n\n<li>Per aggiornarti con notizie, informazioni generali, offerte speciali, nuovi servizi ed eventi.<\/li>\n\n\n\n<li>Gestione degli ordini dei clienti. Il tuo indirizzo e-mail, numero di telefono, profili dei social media e altre informazioni dell&#8217;account utente saranno<br>utilizzati per gestire gli ordini effettuati attraverso il nostro Servizio.<\/li>\n<\/ul>\n\n\n\n<p>COME CONDIVIDIAMO LE TUE INFORMAZIONI<\/p>\n\n\n\n<p>Gioielli Munari condivider\u00e0 le tue informazioni, se del caso, nelle seguenti situazioni:<\/p>\n\n\n\n<ul class=\"wp-block-list\">\n<li>Con il tuo consenso. Gioielli Munari condivider\u00e0 le tue informazioni per qualsiasi scopo con il tuo esplicito consenso.<\/li>\n\n\n\n<li>Condivisione con gli affiliati. Gioielli Munari condivider\u00e0 le tue informazioni con i nostri affiliati. Questi possono includere la nostra societ\u00e0 madre o filiali, partner o societ\u00e0 che controlliamo.<\/li>\n<\/ul>\n\n\n\n<p>CONDIVISIONE CON TERZE PARTI<\/p>\n\n\n\n<p>Qualsiasi terza parte con cui condividiamo le tue informazioni deve rivelare lo scopo per cui intende utilizzare le tue informazioni. Deve conservare le tue informazioni solo per la durata rivelata al momento della richiesta o della ricezione di tali informazioni. <br>Il terzo fornitore di servizi non deve raccogliere, vendere o utilizzare ulteriormente le tue informazioni personali se non nella misura necessaria per eseguire lo scopo specificato.<\/p>\n\n\n\n<p>Le tue informazioni possono essere condivise con una terza parte per ragioni che includono:<\/p>\n\n\n\n<ul class=\"wp-block-list\">\n<li>Chaty<\/li>\n<\/ul>\n\n\n\n<p>Se scegli di fornire tali informazioni durante la registrazione o in altro modo, stai dando a Gioielli Munari il permesso di utilizzare, condividere e memorizzare tali informazioni in conformit\u00e0 con questa Informativa sulla privacy.<\/p>\n\n\n\n<p>Le tue informazioni possono essere divulgate per altri motivi, tra cui:<\/p>\n\n\n\n<ul class=\"wp-block-list\">\n<li>Conformit\u00e0 con le normative, i regolamenti o le ingiunzioni applicabili.<\/li>\n\n\n\n<li>Risposta a reclami sul tuo uso del nostro Servizio violando diritti di terzi.<\/li>\n\n\n\n<li>Rispetto degli accordi stipulati con noi, compresa la presente Informativa sulla privacy.<\/li>\n<\/ul>\n\n\n\n<p>COOKIE<\/p>\n\n\n\n<p>I cookie sono piccoli file di testo che vengono collocati sul tuo computer dai siti web che visiti. I siti web utilizzano i cookie per aiutare gli utenti a<br>navigare in modo efficiente ed eseguire determinate funzioni. I cookie che sono necessari per il corretto funzionamento del sito web possono essere impostati<br>senza il tuo permesso. Tutti gli altri cookie devono essere approvati prima di essere impostati nel browser.<\/p>\n\n\n\n<ul class=\"wp-block-list\">\n<li>Cookie strettamente necessari. I cookie strettamente necessari consentono le funzionalit\u00e0 principali del sito web come l&#8217;accesso dell&#8217;utente e la gestione<br>dell&#8217;account. Il sito web non pu\u00f2 essere utilizzato correttamente senza i cookie strettamente necessari.<\/li>\n\n\n\n<li>Cookie di funzionalit\u00e0. I cookie di funzionalit\u00e0 vengono utilizzati per ricordare le informazioni del visitatore sul sito web, ad esempio lingua, fuso orario e contenuto avanzato.<\/li>\n<\/ul>\n\n\n\n<p>Puoi modificare il tuo consenso all&#8217;uso dei cookie cliccando qui &#8211;> <a href=\"#openConsentPopup\">Modifica il consenso<\/a><\/p>\n\n\n\n<p>SICUREZZA<\/p>\n\n\n\n<p>La sicurezza delle tue informazioni \u00e8 importante per noi. https:\/\/www.gioiellimunari.it utilizza una serie di misure di sicurezza per prevenire l&#8217;uso improprio, la perdita o l&#8217;alterazione delle informazioni che ci hai fornito. Tuttavia, poich\u00e9 non possiamo garantire la sicurezza delle informazioni che ci fornisci, stai eseguendo l&#8217;accesso al nostro servizio a tuo rischio e pericolo.<\/p>\n\n\n\n<p>Gioielli Munari non \u00e8 responsabile delle prestazioni dei siti web gestiti da terzi o delle tue interazioni con essi. Quando abbandoni questo sito web, ti consigliamo di rivedere le pratiche in materia di privacy degli altri siti web con cui interagisci e determinare l&#8217;adeguatezza di tali pratiche.<\/p>\n\n\n\n<p>CONTATTI<\/p>\n\n\n\n<p>Per qualsiasi domanda, puoi contattarci attraverso i seguenti canali:<\/p>\n\n\n\n<p>Nome: Gioielli Munari<\/p>\n\n\n\n<p>Indirizzo: VIA ROMA 66 &#8211; 23900 &#8211; LECCO (LC)<\/p>\n\n\n\n<p>E-mail: serenamunari@hotmail.it<\/p>\n\n\n\n<p>Sito web: https:\/\/www.gioiellimunari.it<\/p>\n","protected":false},"excerpt":{"rendered":"<p>Data di entrata in vigore: 29-11-2023 Ultimo aggiornamento: 05-12-2023 La presente Informativa sulla privacy spiega le politiche di Gioielli Munari sulla raccolta e l&#8217;uso delle informazioni che raccogliamo quando accedi a https:\/\/www.gioiellimunari.it (il &#8220;Servizio&#8221;). La presente Informativa sulla privacy descrive i tuoi diritti e in che maniera sei protetto dalle leggi sulla privacy. Utilizzando il [&hellip;]<\/p>\n","protected":false},"author":1,"featured_media":0,"parent":0,"menu_order":0,"comment_status":"closed","ping_status":"open","template":"","meta":{"_et_pb_use_builder":"off","_et_pb_old_content":"<!-- wp:paragraph -->\n<p><\/p>\n<!-- \/wp:paragraph -->\n\n<!-- wp:paragraph -->\n<p>Data di entrata in vigore: 29-11-2023<\/p>\n<!-- \/wp:paragraph -->\n\n<!-- wp:paragraph -->\n<p>Ultimo aggiornamento: 05-12-2023<\/p>\n<!-- \/wp:paragraph -->\n\n<!-- wp:paragraph -->\n<p>La presente Informativa sulla privacy spiega le politiche di Gioielli Munari sulla raccolta e l'uso delle informazioni che raccogliamo quando accedi a https:\/\/www.gioiellimunari.it (il \"Servizio\"). La presente Informativa sulla privacy descrive i tuoi diritti e in che maniera sei protetto dalle leggi sulla privacy.<\/p>\n<!-- \/wp:paragraph -->\n\n<!-- wp:paragraph -->\n<p>Utilizzando il nostro Servizio, acconsenti alla raccolta e all'utilizzo delle tue informazioni in conformit\u00e0 con la presente Informativa sulla privacy. Ti preghiamo di non accedere o utilizzare il nostro Servizio se non acconsenti alla raccolta e all'utilizzo delle informazioni come indicato nella presente Informativa sulla privacy. <\/p>\n<!-- \/wp:paragraph -->\n\n<!-- wp:paragraph -->\n<p>Gioielli Munari \u00e8 autorizzata a modificare la presente Informativa sulla privacy in qualsiasi momento. Questo pu\u00f2 avvenire senza preavviso.<\/p>\n<!-- \/wp:paragraph -->\n\n<!-- wp:paragraph -->\n<p>Gioielli Munari pubblicher\u00e0 l'Informativa sulla privacy modificata sul sito web https:\/\/www.gioiellimunari.it.<\/p>\n<!-- \/wp:paragraph -->\n\n<!-- wp:paragraph -->\n<p>RACCOLTA E UTILIZZO DELLE TUE INFORMAZIONI PERSONALI<\/p>\n<!-- \/wp:paragraph -->\n\n<!-- wp:paragraph -->\n<p>INFORMAZIONI RACCOLTE<\/p>\n<!-- \/wp:paragraph -->\n\n<!-- wp:paragraph -->\n<p>Quando utilizzi il nostro Servizio, ti verr\u00e0 richiesto di fornirci delle informazioni personali utilizzate per contattarti o identificarti.<br>https:\/\/www.gioiellimunari.it raccoglie le seguenti informazioni:<\/p>\n<!-- \/wp:paragraph -->\n\n<!-- wp:list -->\n<ul><!-- wp:list-item -->\n<li>Dati di utilizzo<\/li>\n<!-- \/wp:list-item -->\n\n<!-- wp:list-item -->\n<li>Nome<\/li>\n<!-- \/wp:list-item -->\n\n<!-- wp:list-item -->\n<li>E-mail<\/li>\n<!-- \/wp:list-item --><\/ul>\n<!-- \/wp:list -->\n\n<!-- wp:paragraph -->\n<p>I dati di utilizzo includono quanto segue:<\/p>\n<!-- \/wp:paragraph -->\n\n<!-- wp:list -->\n<ul><!-- wp:list-item -->\n<li>Indirizzo Protocollo Internet (IP) dei computer che accedono al sito<\/li>\n<!-- \/wp:list-item -->\n\n<!-- wp:list-item -->\n<li>Richieste di pagine web<\/li>\n<!-- \/wp:list-item -->\n\n<!-- wp:list-item -->\n<li>Pagine web di riferimento<\/li>\n<!-- \/wp:list-item -->\n\n<!-- wp:list-item -->\n<li>Browser utilizzato per accedere al sito<\/li>\n<!-- \/wp:list-item -->\n\n<!-- wp:list-item -->\n<li>Ora e data di accesso<\/li>\n<!-- \/wp:list-item --><\/ul>\n<!-- \/wp:list -->\n\n<!-- wp:paragraph -->\n<p>COME RACCOGLIAMO LE INFORMAZIONI<\/p>\n<!-- \/wp:paragraph -->\n\n<!-- wp:paragraph -->\n<p>https:\/\/www.gioiellimunari.it raccoglie e riceve informazioni da parte tua nelle seguenti modalit\u00e0:<\/p>\n<!-- \/wp:paragraph -->\n\n<!-- wp:list -->\n<ul><!-- wp:list-item -->\n<li>Quando compili un modulo di registrazione o invii le tue informazioni personali in altro modo.<\/li>\n<!-- \/wp:list-item --><\/ul>\n<!-- \/wp:list -->\n\n<!-- wp:paragraph -->\n<p>Le tue informazioni saranno conservate per un massimo di 30 giorni dopo la chiusura del tuo account. Le tue informazioni possono essere conservate per periodi pi\u00f9 lunghi per il reporting o per scopi di registrazione in conformit\u00e0 con le leggi applicabili. Le informazioni che non ti identificano personalmente possono essere conservate a tempo indeterminato.<\/p>\n<!-- \/wp:paragraph -->\n\n<!-- wp:paragraph -->\n<p>COME USIAMO LE TUE INFORMAZIONI<\/p>\n<!-- \/wp:paragraph -->\n\n<!-- wp:paragraph -->\n<p>https:\/\/www.gioiellimunari.it pu\u00f2 utilizzare le tue informazioni per i seguenti scopi:<\/p>\n<!-- \/wp:paragraph -->\n\n<!-- wp:list -->\n<ul><!-- wp:list-item -->\n<li>Fornire e mantenere il nostro Servizio, cos\u00ec come monitorare l'utilizzo del nostro Servizio.<\/li>\n<!-- \/wp:list-item -->\n\n<!-- wp:list-item -->\n<li>Per contattarti. Gioielli Munari ti contatter\u00e0 via e-mail, telefono, SMS, o un'altra forma di comunicazione elettronica in merito a funzioni, prodotti,<br>servizi, o aggiornamenti di sicurezza, se necessario o ragionevole.<\/li>\n<!-- \/wp:list-item -->\n\n<!-- wp:list-item -->\n<li>Per aggiornarti con notizie, informazioni generali, offerte speciali, nuovi servizi ed eventi.<\/li>\n<!-- \/wp:list-item -->\n\n<!-- wp:list-item -->\n<li>Gestione degli ordini dei clienti. Il tuo indirizzo e-mail, numero di telefono, profili dei social media e altre informazioni dell'account utente saranno<br>utilizzati per gestire gli ordini effettuati attraverso il nostro Servizio.<\/li>\n<!-- \/wp:list-item --><\/ul>\n<!-- \/wp:list -->\n\n<!-- wp:paragraph -->\n<p>COME CONDIVIDIAMO LE TUE INFORMAZIONI<\/p>\n<!-- \/wp:paragraph -->\n\n<!-- wp:paragraph -->\n<p>Gioielli Munari condivider\u00e0 le tue informazioni, se del caso, nelle seguenti situazioni:<\/p>\n<!-- \/wp:paragraph -->\n\n<!-- wp:list -->\n<ul><!-- wp:list-item -->\n<li>Con il tuo consenso. Gioielli Munari condivider\u00e0 le tue informazioni per qualsiasi scopo con il tuo esplicito consenso.<\/li>\n<!-- \/wp:list-item -->\n\n<!-- wp:list-item -->\n<li>Condivisione con gli affiliati. Gioielli Munari condivider\u00e0 le tue informazioni con i nostri affiliati. Questi possono includere la nostra societ\u00e0 madre o filiali, partner o societ\u00e0 che controlliamo.<\/li>\n<!-- \/wp:list-item --><\/ul>\n<!-- \/wp:list -->\n\n<!-- wp:paragraph -->\n<p>CONDIVISIONE CON TERZE PARTI<\/p>\n<!-- \/wp:paragraph -->\n\n<!-- wp:paragraph -->\n<p>Qualsiasi terza parte con cui condividiamo le tue informazioni deve rivelare lo scopo per cui intende utilizzare le tue informazioni. Deve conservare le tue informazioni solo per la durata rivelata al momento della richiesta o della ricezione di tali informazioni. <br>Il terzo fornitore di servizi non deve raccogliere, vendere o utilizzare ulteriormente le tue informazioni personali se non nella misura necessaria per eseguire lo scopo specificato.<\/p>\n<!-- \/wp:paragraph -->\n\n<!-- wp:paragraph -->\n<p>Le tue informazioni possono essere condivise con una terza parte per ragioni che includono:<\/p>\n<!-- \/wp:paragraph -->\n\n<!-- wp:list -->\n<ul><!-- wp:list-item -->\n<li>Chaty<\/li>\n<!-- \/wp:list-item --><\/ul>\n<!-- \/wp:list -->\n\n<!-- wp:paragraph -->\n<p>Se scegli di fornire tali informazioni durante la registrazione o in altro modo, stai dando a Gioielli Munari il permesso di utilizzare, condividere e memorizzare tali informazioni in conformit\u00e0 con questa Informativa sulla privacy.<\/p>\n<!-- \/wp:paragraph -->\n\n<!-- wp:paragraph -->\n<p>Le tue informazioni possono essere divulgate per altri motivi, tra cui:<\/p>\n<!-- \/wp:paragraph -->\n\n<!-- wp:list -->\n<ul><!-- wp:list-item -->\n<li>Conformit\u00e0 con le normative, i regolamenti o le ingiunzioni applicabili.<\/li>\n<!-- \/wp:list-item -->\n\n<!-- wp:list-item -->\n<li>Risposta a reclami sul tuo uso del nostro Servizio violando diritti di terzi.<\/li>\n<!-- \/wp:list-item -->\n\n<!-- wp:list-item -->\n<li>Rispetto degli accordi stipulati con noi, compresa la presente Informativa sulla privacy.<\/li>\n<!-- \/wp:list-item --><\/ul>\n<!-- \/wp:list -->\n\n<!-- wp:paragraph -->\n<p>COOKIE<\/p>\n<!-- \/wp:paragraph -->\n\n<!-- wp:paragraph -->\n<p>I cookie sono piccoli file di testo che vengono collocati sul tuo computer dai siti web che visiti. I siti web utilizzano i cookie per aiutare gli utenti a<br>navigare in modo efficiente ed eseguire determinate funzioni. I cookie che sono necessari per il corretto funzionamento del sito web possono essere impostati<br>senza il tuo permesso. Tutti gli altri cookie devono essere approvati prima di essere impostati nel browser.<\/p>\n<!-- \/wp:paragraph -->\n\n<!-- wp:list -->\n<ul><!-- wp:list-item -->\n<li>Cookie strettamente necessari. I cookie strettamente necessari consentono le funzionalit\u00e0 principali del sito web come l'accesso dell'utente e la gestione<br>dell'account. Il sito web non pu\u00f2 essere utilizzato correttamente senza i cookie strettamente necessari.<\/li>\n<!-- \/wp:list-item -->\n\n<!-- wp:list-item -->\n<li>Cookie di funzionalit\u00e0. I cookie di funzionalit\u00e0 vengono utilizzati per ricordare le informazioni del visitatore sul sito web, ad esempio lingua, fuso orario e contenuto avanzato.<\/li>\n<!-- \/wp:list-item --><\/ul>\n<!-- \/wp:list -->\n\n<!-- wp:paragraph -->\n<p>Puoi modificare il tuo consenso all'uso dei cookie qui sotto.<\/p>\n<!-- \/wp:paragraph -->\n\n<!-- wp:html -->\n<script type=\"text\/javascript\" charSet=\"UTF-8\" data-cookiescriptreport=\"report\" src=\/\/report.cookie-script.com\/r\/bb8b23e94258144591202cecdd46890d.js> <\/script>\n<!-- \/wp:html -->\n\n<!-- wp:paragraph -->\n<p>SICUREZZA<\/p>\n<!-- \/wp:paragraph -->\n\n<!-- wp:paragraph -->\n<p>La sicurezza delle tue informazioni \u00e8 importante per noi. https:\/\/www.gioiellimunari.it utilizza una serie di misure di sicurezza per prevenire l'uso improprio, la perdita o l'alterazione delle informazioni che ci hai fornito. Tuttavia, poich\u00e9 non possiamo garantire la sicurezza delle informazioni che ci fornisci, stai eseguendo l'accesso al nostro servizio a tuo rischio e pericolo.<\/p>\n<!-- \/wp:paragraph -->\n\n<!-- wp:paragraph -->\n<p>Gioielli Munari non \u00e8 responsabile delle prestazioni dei siti web gestiti da terzi o delle tue interazioni con essi. Quando abbandoni questo sito web, ti consigliamo di rivedere le pratiche in materia di privacy degli altri siti web con cui interagisci e determinare l'adeguatezza di tali pratiche.<\/p>\n<!-- \/wp:paragraph -->\n\n<!-- wp:paragraph -->\n<p>CONTATTI<\/p>\n<!-- \/wp:paragraph -->\n\n<!-- wp:paragraph -->\n<p>Per qualsiasi domanda, puoi contattarci attraverso i seguenti canali:<\/p>\n<!-- \/wp:paragraph -->\n\n<!-- wp:paragraph -->\n<p>Nome: Gioielli Munari<\/p>\n<!-- \/wp:paragraph -->\n\n<!-- wp:paragraph -->\n<p>Indirizzo: VIA ROMA 66 - 23900 - LECCO (LC)<\/p>\n<!-- \/wp:paragraph -->\n\n<!-- wp:paragraph -->\n<p>E-mail: serenamunari@hotmail.it<\/p>\n<!-- \/wp:paragraph -->\n\n<!-- wp:paragraph -->\n<p>Sito web: https:\/\/www.gioiellimunari.it<\/p>\n<!-- \/wp:paragraph -->","_et_gb_content_width":"1080","footnotes":""},"class_list":["post-3","page","type-page","status-publish","hentry"],"_links":{"self":[{"href":"https:\/\/gioiellimunari.it\/index.php\/wp-json\/wp\/v2\/pages\/3"}],"collection":[{"href":"https:\/\/gioiellimunari.it\/index.php\/wp-json\/wp\/v2\/pages"}],"about":[{"href":"https:\/\/gioiellimunari.it\/index.php\/wp-json\/wp\/v2\/types\/page"}],"author":[{"embeddable":true,"href":"https:\/\/gioiellimunari.it\/index.php\/wp-json\/wp\/v2\/users\/1"}],"replies":[{"embeddable":true,"href":"https:\/\/gioiellimunari.it\/index.php\/wp-json\/wp\/v2\/comments?post=3"}],"version-history":[{"count":5,"href":"https:\/\/gioiellimunari.it\/index.php\/wp-json\/wp\/v2\/pages\/3\/revisions"}],"predecessor-version":[{"id":987510078,"href":"https:\/\/gioiellimunari.it\/index.php\/wp-json\/wp\/v2\/pages\/3\/revisions\/987510078"}],"wp:attachment":[{"href":"https:\/\/gioiellimunari.it\/index.php\/wp-json\/wp\/v2\/media?parent=3"}],"curies":[{"name":"wp","href":"https:\/\/api.w.org\/{rel}","templated":true}]}}